{"id":21,"date":"2023-12-16T14:44:11","date_gmt":"2023-12-16T14:44:11","guid":{"rendered":"https:\/\/nt-cegra.hr\/?page_id=21"},"modified":"2023-12-16T16:20:27","modified_gmt":"2023-12-16T16:20:27","slug":"o-nama","status":"publish","type":"page","link":"https:\/\/nt-cegra.hr\/index.php\/o-nama\/","title":{"rendered":"O nama"},"content":{"rendered":"\n<p><\/p>\n\n\n\n<p class=\"has-medium-font-size\"><strong>Najbolji za najbolje<\/strong><\/p>\n\n\n\n<p>NT-CEGRA d.o.o. tvrtka osnovana 2021. godine sa sjedi\u0161tem u Lu\u010dkom, nadomak Zagreba. Osnovna djelatnost tvrtke je trgovina gra\u0111evinskim materijalima, vode\u0107ih doma\u0107ih i inozemnih proizvo\u0111a\u010da. Vo\u0111eni kvalitetom i pristupa\u010dnim cijenama, u stanju smo odgovoriti na sve zahtjeve na\u0161ih postoje\u0107ih te budu\u0107ih poslovnih partnera.<br>Pristupa\u010dne cijene, stru\u010dna i kvalitetna usluga, brza reakcija, pra\u0107enje najzahtjevnijih objekata od temelja do krova, na\u0161a su misao vodilja, snaga, u izgradnji dugoro\u010dnih odnosa na obostrano zadovoljstvo.<br>Na adresi sjedi\u0161ta, Pu\u0161kari\u0107eva ulica 15, Lu\u010dko nalazi se na\u0161e zatvoreno i otvoreno skladi\u0161te na ukupno 2.000 m2.<\/p>\n\n\n\n<p><strong>MISIJA<\/strong><\/p>\n\n\n\n<p>Na\u0161a misija, na\u0161 imperativ, stvaranje je dugoro\u010dnog povjerenja i zadovoljstva svakog na\u0161eg poslovnog partnera pru\u017eanjem stru\u010dne, brze te kvalitetne usluge.<\/p>\n\n\n\n<p><strong>VIZIJA<\/strong><\/p>\n\n\n\n<p>Neprocjenjivim iskustvom i znanjem na\u0161ih djelatnika \u017eelimo postaviti nove, kvalitetnije te prepoznatljive standarde poslovanja.<\/p>\n","protected":false},"excerpt":{"rendered":"<div class=\"slide-text-bg2\"><span>Najbolji za najbolje NT-CEGRA d.o.o. tvrtka osnovana 2021. godine sa sjedi\u0161tem u Lu\u010dkom, nadomak Zagreba. Osnovna djelatnost tvrtke je trgovina gra\u0111evin<\/span><\/div>\n<div class=\"slide-btn-area-sm\"><a href=\"https:\/\/nt-cegra.hr\/index.php\/o-nama\/\" class=\"slide-btn-sm\">Pro\u010ditaj vi\u0161e<\/a><\/div>\n","protected":false},"author":1,"featured_media":0,"parent":0,"menu_order":0,"comment_status":"closed","ping_status":"closed","template":"","meta":{"footnotes":""},"_links":{"self":[{"href":"https:\/\/nt-cegra.hr\/index.php\/wp-json\/wp\/v2\/pages\/21"}],"collection":[{"href":"https:\/\/nt-cegra.hr\/index.php\/wp-json\/wp\/v2\/pages"}],"about":[{"href":"https:\/\/nt-cegra.hr\/index.php\/wp-json\/wp\/v2\/types\/page"}],"author":[{"embeddable":true,"href":"https:\/\/nt-cegra.hr\/index.php\/wp-json\/wp\/v2\/users\/1"}],"replies":[{"embeddable":true,"href":"https:\/\/nt-cegra.hr\/index.php\/wp-json\/wp\/v2\/comments?post=21"}],"version-history":[{"count":8,"href":"https:\/\/nt-cegra.hr\/index.php\/wp-json\/wp\/v2\/pages\/21\/revisions"}],"predecessor-version":[{"id":71,"href":"https:\/\/nt-cegra.hr\/index.php\/wp-json\/wp\/v2\/pages\/21\/revisions\/71"}],"wp:attachment":[{"href":"https:\/\/nt-cegra.hr\/index.php\/wp-json\/wp\/v2\/media?parent=21"}],"curies":[{"name":"wp","href":"https:\/\/api.w.org\/{rel}","templated":true}]}}