{"id":24,"date":"2023-12-16T14:44:11","date_gmt":"2023-12-16T14:44:11","guid":{"rendered":"https:\/\/nt-cegra.hr\/?page_id=24"},"modified":"2025-02-02T15:49:03","modified_gmt":"2025-02-02T15:49:03","slug":"kontakt","status":"publish","type":"page","link":"https:\/\/nt-cegra.hr\/index.php\/kontakt\/","title":{"rendered":"Kontakt"},"content":{"rendered":"\n<p><\/p>\n\n\n\n<p class=\"has-x-large-font-size\"><strong>NT-cegra d.o.o.<\/strong><\/p>\n\n\n\n<p><strong><a href=\"https:\/\/www.google.com\/maps\/place\/Pu%C5%A1kari%C4%87eva+ul.+15,+10250,+Lu%C4%8Dko\/@45.7603699,15.8837631,17z\/data=!3m1!4b1!4m6!3m5!1s0x4765d3906b429dc7:0x6ac55071abb50f1c!8m2!3d45.7603699!4d15.8863327!16s%2Fg%2F11b8z3l02d?entry=ttu\" data-type=\"link\" data-id=\"https:\/\/www.google.com\/maps\/place\/Pu%C5%A1kari%C4%87eva+ul.+15,+10250,+Lu%C4%8Dko\/@45.7603699,15.8837631,17z\/data=!3m1!4b1!4m6!3m5!1s0x4765d3906b429dc7:0x6ac55071abb50f1c!8m2!3d45.7603699!4d15.8863327!16s%2Fg%2F11b8z3l02d?entry=ttu\">Pu\u0161kari\u0107eva ulica 15, 10250 Lu\u010dko, Hrvatska<\/a> <\/strong><\/p>\n\n\n\n<p><br>NT-cegra d.o.o. za usluge<br><br>Dru\u0161tvo je upisano u sudski registar Trgova\u010dkog suda u Zagrebu pod MBS: 081368172<br>Temeljni kapital: 2.654,46 EUR upla\u0107en u cijelosti<br>Direktor: Tomislav Kolari\u0107<br><\/p>\n\n\n\n<p>OIB: 10771743473<br>MB: 05412056<br>MBS: 081368172<br>IBAN: Erste&amp;Steierm\u00e4rkische Bank d.d., Rijeka \u25aa IBAN: HR0724020061101027890 \u25aa<br>SWIFT\/BIC: ESBC HR 22<br>PDV ID: HR10771743473<br><\/p>\n\n\n\n<p>Tel: +385 1 5531 151<br>E-mail: info@nt-cegra.hr<br><\/p>\n\n\n\n<p>Radno vrijeme:<br>Ponedjeljak \u2013 Petak 07:00 \u2013 16:00 h<br>Subota 08:00 \u2013 13:00 h<\/p>\n\n\n\n<p><\/p>\n\n\n\n<p><\/p>\n","protected":false},"excerpt":{"rendered":"<div class=\"slide-text-bg2\"><span>NT-cegra d.o.o. Pu\u0161kari\u0107eva ulica 15, 10250 Lu\u010dko, Hrvatska NT-cegra d.o.o. za usluge Dru\u0161tvo je upisano u sudski registar Trgova\u010dkog suda u Zagrebu p<\/span><\/div>\n<div class=\"slide-btn-area-sm\"><a href=\"https:\/\/nt-cegra.hr\/index.php\/kontakt\/\" class=\"slide-btn-sm\">Pro\u010ditaj vi\u0161e<\/a><\/div>\n","protected":false},"author":1,"featured_media":0,"parent":0,"menu_order":0,"comment_status":"closed","ping_status":"closed","template":"","meta":{"footnotes":""},"_links":{"self":[{"href":"https:\/\/nt-cegra.hr\/index.php\/wp-json\/wp\/v2\/pages\/24"}],"collection":[{"href":"https:\/\/nt-cegra.hr\/index.php\/wp-json\/wp\/v2\/pages"}],"about":[{"href":"https:\/\/nt-cegra.hr\/index.php\/wp-json\/wp\/v2\/types\/page"}],"author":[{"embeddable":true,"href":"https:\/\/nt-cegra.hr\/index.php\/wp-json\/wp\/v2\/users\/1"}],"replies":[{"embeddable":true,"href":"https:\/\/nt-cegra.hr\/index.php\/wp-json\/wp\/v2\/comments?post=24"}],"version-history":[{"count":11,"href":"https:\/\/nt-cegra.hr\/index.php\/wp-json\/wp\/v2\/pages\/24\/revisions"}],"predecessor-version":[{"id":232,"href":"https:\/\/nt-cegra.hr\/index.php\/wp-json\/wp\/v2\/pages\/24\/revisions\/232"}],"wp:attachment":[{"href":"https:\/\/nt-cegra.hr\/index.php\/wp-json\/wp\/v2\/media?parent=24"}],"curies":[{"name":"wp","href":"https:\/\/api.w.org\/{rel}","templated":true}]}}