{"id":72,"date":"2023-12-16T16:45:36","date_gmt":"2023-12-16T16:45:36","guid":{"rendered":"https:\/\/nt-cegra.hr\/?page_id=72"},"modified":"2024-02-14T17:08:03","modified_gmt":"2024-02-14T17:08:03","slug":"politika-privatnosti","status":"publish","type":"page","link":"https:\/\/nt-cegra.hr\/index.php\/politika-privatnosti\/","title":{"rendered":"Politika Privatnosti"},"content":{"rendered":"\n<p class=\"has-medium-font-size\">Na internet stranici WWW.NT-CEGRA.HR nudimo Vam korisne informacije o proizvodima te novostima i akcijskim ponudama.<\/p>\n\n\n\n<p class=\"has-medium-font-size\">Kori\u0161tenjem usluga ponu\u0111enih na web stranici WWW.NT-CEGRA.HR korisnik prihva\u0107a ove uvjete; <\/p>\n\n\n\n<p><\/p>\n\n\n\n<ul>\n<li class=\"has-medium-font-size\">Stranica prikuplja isklju\u010divo osnovne statisti\u010dke podatke o broju posjeta.<\/li>\n\n\n\n<li class=\"has-medium-font-size\">Ne prikupljamo vi\u0161e informacija nego \u0161to je potrebno.<\/li>\n\n\n\n<li class=\"has-medium-font-size\">Ne \u010duvamo podatke koji nisu potrebni.<\/li>\n\n\n\n<li class=\"has-medium-font-size\">Podatke ne koristimo u svrhe koje nisu navedene.<\/li>\n\n\n\n<li class=\"has-medium-font-size\">Nikada ne prodajemo, posu\u0111ujemo niti javno objavljujemo navedene statisti\u010dke podatke koje prikupljamo niti ih \u0161aljemo tre\u0107im stranama.<\/li>\n<\/ul>\n\n\n\n<p><\/p>\n\n\n\n<p class=\"has-medium-font-size\">Uvjete je mogu\u0107e u svakom trenutku pro\u010ditati na ovim stranicama. Zadr\u017eavamo pravo izmjene bez prethodne najave. <\/p>\n\n\n\n<p class=\"has-medium-font-size\">Fotografije na web stranici simboli\u010dne su naravi i ne moraju u potpunosti odgovarati stvarnom izgledu proizvoda.<\/p>\n\n\n\n<p class=\"has-medium-font-size\"><strong>NT-CEGRA d.o.o.<\/strong> Pu\u0161kari\u0107eva ulica 15, 10250 Lu\u010dko, Hrvatska OIB: 10771743473<\/p>\n\n\n\n<p class=\"has-medium-font-size\"><\/p>\n\n\n\n<p class=\"has-medium-font-size\">Theme by <a href=\"https:\/\/webriti.com\/appointment-red-child-version-details-page-1\/\" data-type=\"link\" data-id=\"https:\/\/webriti.com\/appointment-red-child-version-details-page-1\/\">webriti<\/a><\/p>\n","protected":false},"excerpt":{"rendered":"<div class=\"slide-text-bg2\"><span>Na internet stranici WWW.NT-CEGRA.HR nudimo Vam korisne informacije o proizvodima te novostima i akcijskim ponudama. Kori\u0161tenjem usluga ponu\u0111enih na web <\/span><\/div>\n<div class=\"slide-btn-area-sm\"><a href=\"https:\/\/nt-cegra.hr\/index.php\/politika-privatnosti\/\" class=\"slide-btn-sm\">Pro\u010ditaj vi\u0161e<\/a><\/div>\n","protected":false},"author":1,"featured_media":0,"parent":0,"menu_order":0,"comment_status":"closed","ping_status":"closed","template":"","meta":{"footnotes":""},"_links":{"self":[{"href":"https:\/\/nt-cegra.hr\/index.php\/wp-json\/wp\/v2\/pages\/72"}],"collection":[{"href":"https:\/\/nt-cegra.hr\/index.php\/wp-json\/wp\/v2\/pages"}],"about":[{"href":"https:\/\/nt-cegra.hr\/index.php\/wp-json\/wp\/v2\/types\/page"}],"author":[{"embeddable":true,"href":"https:\/\/nt-cegra.hr\/index.php\/wp-json\/wp\/v2\/users\/1"}],"replies":[{"embeddable":true,"href":"https:\/\/nt-cegra.hr\/index.php\/wp-json\/wp\/v2\/comments?post=72"}],"version-history":[{"count":9,"href":"https:\/\/nt-cegra.hr\/index.php\/wp-json\/wp\/v2\/pages\/72\/revisions"}],"predecessor-version":[{"id":224,"href":"https:\/\/nt-cegra.hr\/index.php\/wp-json\/wp\/v2\/pages\/72\/revisions\/224"}],"wp:attachment":[{"href":"https:\/\/nt-cegra.hr\/index.php\/wp-json\/wp\/v2\/media?parent=72"}],"curies":[{"name":"wp","href":"https:\/\/api.w.org\/{rel}","templated":true}]}}